{"id":525,"date":"2021-05-07T11:34:50","date_gmt":"2021-05-07T09:34:50","guid":{"rendered":"https:\/\/gerberei.www.ritsch.at\/?page_id=525"},"modified":"2021-06-04T15:29:26","modified_gmt":"2021-06-04T13:29:26","slug":"impressum","status":"publish","type":"page","link":"https:\/\/www.ritsch.at\/gerberei\/impressum\/","title":{"rendered":"Impressum"},"content":{"rendered":"\t\t<div data-elementor-type=\"wp-page\" data-elementor-id=\"525\" class=\"elementor elementor-525\" data-elementor-post-type=\"page\">\n\t\t\t\t\t\t<section class=\"elementor-section elementor-top-section elementor-element elementor-element-4b54a8d elementor-section-boxed elementor-section-height-default elementor-section-height-default\" data-id=\"4b54a8d\" data-element_type=\"section\" data-e-type=\"section\">\n\t\t\t\t\t\t<div class=\"elementor-container elementor-column-gap-default\">\n\t\t\t\t\t<div class=\"elementor-column elementor-col-100 elementor-top-column elementor-element elementor-element-aa92a83\" data-id=\"aa92a83\" data-element_type=\"column\" data-e-type=\"column\">\n\t\t\t<div class=\"elementor-widget-wrap elementor-element-populated\">\n\t\t\t\t\t\t<section class=\"elementor-section elementor-inner-section elementor-element elementor-element-f1cde42 elementor-section-full_width elementor-section-height-default elementor-section-height-default\" data-id=\"f1cde42\" data-element_type=\"section\" data-e-type=\"section\">\n\t\t\t\t\t\t<div class=\"elementor-container elementor-column-gap-default\">\n\t\t\t\t\t<div class=\"elementor-column elementor-col-100 elementor-inner-column elementor-element elementor-element-37d4aed\" data-id=\"37d4aed\" data-element_type=\"column\" data-e-type=\"column\">\n\t\t\t<div class=\"elementor-widget-wrap elementor-element-populated\">\n\t\t\t\t\t\t<div class=\"elementor-element elementor-element-755a596 elementor-widget elementor-widget-heading\" data-id=\"755a596\" data-element_type=\"widget\" data-e-type=\"widget\" data-widget_type=\"heading.default\">\n\t\t\t\t<div class=\"elementor-widget-container\">\n\t\t\t\t\t<h2 class=\"elementor-heading-title elementor-size-default\">Informationspflicht lt. \u00a75 E-Commerce Gesetz, \u00a714 Unternehmensgesetzbuch bzw. \u00a763 Gewerbeordnung und Offenlegungspflicht lt. \u00a725 Mediengesetz<\/h2>\t\t\t\t<\/div>\n\t\t\t\t<\/div>\n\t\t\t\t\t<\/div>\n\t\t<\/div>\n\t\t\t\t\t<\/div>\n\t\t<\/section>\n\t\t\t\t<div class=\"elementor-element elementor-element-f7d3db6 elementor-widget elementor-widget-image\" data-id=\"f7d3db6\" data-element_type=\"widget\" data-e-type=\"widget\" data-widget_type=\"image.default\">\n\t\t\t\t<div class=\"elementor-widget-container\">\n\t\t\t\t\t\t\t\t\t\t\t\t\t\t\t<img decoding=\"async\" width=\"100\" height=\"6\" src=\"https:\/\/www.ritsch.at\/gerberei\/wp-content\/uploads\/sites\/3\/2021\/05\/Trenner-braun.png\" class=\"attachment-full size-full wp-image-792\" alt=\"\" \/>\t\t\t\t\t\t\t\t\t\t\t\t\t\t\t<\/div>\n\t\t\t\t<\/div>\n\t\t\t\t<section class=\"elementor-section elementor-inner-section elementor-element elementor-element-a378d84 elementor-section-full_width elementor-section-height-default elementor-section-height-default\" data-id=\"a378d84\" data-element_type=\"section\" data-e-type=\"section\">\n\t\t\t\t\t\t<div class=\"elementor-container elementor-column-gap-default\">\n\t\t\t\t\t<div class=\"elementor-column elementor-col-100 elementor-inner-column elementor-element elementor-element-a424f1e\" data-id=\"a424f1e\" data-element_type=\"column\" data-e-type=\"column\">\n\t\t\t<div class=\"elementor-widget-wrap elementor-element-populated\">\n\t\t\t\t\t\t<div class=\"elementor-element elementor-element-766b7ee elementor-widget elementor-widget-text-editor\" data-id=\"766b7ee\" data-element_type=\"widget\" data-e-type=\"widget\" data-widget_type=\"text-editor.default\">\n\t\t\t\t<div class=\"elementor-widget-container\">\n\t\t\t\t\t\t\t\t\t<p><strong>Franz Ritsch Gerberei GmbH<\/strong><br \/>Felberstra\u00dfe 27<br \/>5730 Mittersill<br \/>\u00d6sterreich\u00a0<\/p><p>Tel.:\u00a0<a href=\"tel:004365626288\">+43 (0)6562 6288<\/a><br \/>Fax: <a href=\"tel:00436562624114\">+43 (0)6562 6241 14<\/a><br \/>E-Mail:\u00a0<a href=\"mailto:office@ritsch.at\">office@ritsch.at<\/a><\/p><p>Online-Fellshop: <a href=\"https:\/\/www.fellshop-ritsch.at\/\" target=\"_blank\" rel=\"noopener\">www.fellshop-ritsch.at<\/a><\/p><p><strong>Unternehmensgegenstand<\/strong>: Rotgerberei, sowie die Ledererzeugung<br \/><strong>UID<\/strong>: ATU33540200<br \/><strong>Firmenbuchnummer<\/strong>: FN 60923 v<br \/><strong>Firmenbuch-Gericht<\/strong>: Landesgericht Salzburg<br \/><strong>Firmensitz<\/strong>: 5730 Mittersill<\/p><p><strong>Wirtschaftskammer<\/strong>: Wirtschaftskammer Salzburg, LI Mode und Bekleidungstechnik<br \/><strong>Anwendbare Rechtsvorschriften<\/strong>: Gewerbeordnung: Rechtsinformationssystem des Bundes\u00a0<a href=\"https:\/\/www.ris.bka.gv.at\/\" target=\"_blank\" rel=\"noopener noreferrer\">https:\/\/www.ris.bka.gv.at\/<\/a><br \/><strong>Aufsichtsbeh\u00f6rde<\/strong>: Bezirkshauptmannschaft Zell am See<br \/><strong>Gerichtsstand<\/strong>: Zell am See<\/p><p><a href=\"https:\/\/www.wkoecg.at\/Web\/Ecg.aspx?FirmaID=d1a5dde2-c18e-4741-a28a-3013598f1466\" target=\"_blank\" rel=\"noopener noreferrer\"><img decoding=\"async\" class=\"error\" src=\"https:\/\/www.wkoecg.at\/Web\/Library\/img\/ecg.gif\" alt=\"Informationen zu E-Commerce und Mediengesetz\" data-lazy-src=\"https:\/\/www.wkoecg.at\/Web\/Library\/img\/ecg.gif\" data-ll-status=\"error\" \/><\/a><\/p><p><strong>Konzeption &amp; Umsetzung<\/strong><\/p><p><strong>alpWeb e.U.<\/strong><br \/>Michael Riedmann, MSc<br \/>Klausgasse 8a\/2<br \/>5730 Mittersill<br \/>Tel.:\u00a0<a href=\"tel:00436506741799\">+43 (0)650 674 17 99<\/a><br \/>E-Mail:\u00a0<a href=\"mailto:info@alpweb.at\">info@alpweb.at<\/a><br \/>Web: <a href=\"https:\/\/www.alpweb.at\" target=\"_blank\" rel=\"noopener\">www.alpweb.at<\/a><\/p><p><strong>Urheberrecht<\/strong><\/p><p>Der Inhalt dieser Website ist urheberrechtlich gesch\u00fctzt. Die Bereitstellung von Inhalten und Bildmaterial dieser Website auf anderen Websites ist nur mit ausdr\u00fccklicher Genehmigung des Herausgebers gestattet. Die auf dieser Website enthaltenen Angaben werden nach bestem Wissen erstellt und mit gro\u00dfer Sorgfalt auf ihre Richtigkeit \u00fcberpr\u00fcft. Trotzdem sind inhaltliche und sachliche Fehler nicht vollst\u00e4ndig auszuschlie\u00dfen. Unser Unternehmen \u00fcbernimmt keinerlei Garantie und Haftung f\u00fcr die Richtigkeit, Aktualit\u00e4t und Vollst\u00e4ndigkeit der bereitgestellten Informationen. Alle Angaben sind ohne Gew\u00e4hr.<\/p><p><strong>Haftungsausschluss<\/strong><\/p><p>Der Autor bzw. Betreiber dieser Webseiten ist bestrebt, die darin angebotenen Informationen nach bestem Wissen und Gewissen aktuell, vollst\u00e4ndig und richtig darzustellen und aktuell zu halten. Dennoch wird jegliche Haftung f\u00fcr Sch\u00e4den und sonstige wie immer geartete Nachteile ausgeschlossen, die sich aus der Nutzung (oder Nichtnutzung) der angebotenen Informationen ergeben k\u00f6nnen \u2013 dies auch und insbesondere dann, wenn diese Sch\u00e4den\/Nachteile auf die Nutzung von allenfalls nicht aktuellen, unvollst\u00e4ndigen bzw. fehlerhaften Informationen zur\u00fcckzuf\u00fchren sind. Dies gilt dann nicht, wenn seitens des Autors bzw. Betreibers ein vors\u00e4tzliches oder grob fahrl\u00e4ssiges Verhalten vorliegt.<\/p><p>Verweise auf fremde Webseiten (Links, Hyperlinks) liegen au\u00dferhalb des Verantwortungsbereiches des Autors und Betreibers. F\u00fcr Inhalte externer Internetseiten wird demgem\u00e4\u00df keine wie immer geartete Verantwortung bzw. Haftung \u00fcbernommen; insbesondere wird jede Haftung f\u00fcr deren Aussagen, Gestaltung und Inhalte ausgeschlossen, zumal kein Einfluss auf Inhalte und Gestaltung von gelinkten Seiten besteht. F\u00fcr Inhalte von Seiten, auf welche von Seiten dieser Webseiten verwiesen wird, haftet somit allein der Anbieter dieser fremden Webseiten \u2013 niemals jedoch derjenige, der durch einen Link auf fremde Publikationen und Inhalte verweist. Sollten gelinkte Seiten (insbesondere durch Ver\u00e4nderung der Inhalte nach dem Setzen des Links) illegale, fehlerhafte, unvollst\u00e4ndige, beleidigende oder sittenwidrige Informationen beinhalten und gelangen derartige Inhalte von gelinkten Seiten zur Kenntnis, so wird der Link auf derartige Seiten unverz\u00fcglich unterbunden.<\/p><p>Zudem wird keine wie immer geartete Haftung und Verantwortung f\u00fcr fremde Websiten \u00fcbernommen, von denen durch Hyperlinks auf unsere Website verwiesen wird. Eine laufende Kontrolle von Seiten, zu denen man durch Hyperlinks gelangen kann oder von denen durch Hyperlinks auf unsere Website verwiesen wird, erfolgt nicht. Wir machen uns den Inhalt von Seiten, zu denen man von unserer Website durch Hyperlinks gelangen kann oder von denen durch Hyperlinks auf unsere Website verwiesen wird, auch nicht zu eigen.<\/p><p><strong>Quellenangaben Bilder<\/strong><\/p><p>Eigene<br \/>Texte, Bilder und Grafiken dieser Seite d\u00fcrfen nur nach ausdr\u00fccklicher Genehmigung der Eigent\u00fcmer verwendet werden.<\/p><p><strong>Datenschutz<\/strong><\/p><p>Unsere Datenschutzerkl\u00e4rung finden Sie hier:\u00a0<a href=\"https:\/\/www.ritsch.at\/gerberei\/datenschutz\" target=\"_blank\" rel=\"noopener noreferrer\">https:\/\/www.ritsch.at\/gerberei\/datenschutz<\/a><\/p>\t\t\t\t\t\t\t\t<\/div>\n\t\t\t\t<\/div>\n\t\t\t\t\t<\/div>\n\t\t<\/div>\n\t\t\t\t\t<\/div>\n\t\t<\/section>\n\t\t\t\t\t<\/div>\n\t\t<\/div>\n\t\t\t\t\t<\/div>\n\t\t<\/section>\n\t\t\t\t<\/div>\n\t\t","protected":false},"excerpt":{"rendered":"<p>Informationspflicht lt. \u00a75 E-Commerce Gesetz, \u00a714 Unternehmensgesetzbuch bzw. \u00a763 Gewerbeordnung und Offenlegungspflicht lt. \u00a725 Mediengesetz Franz Ritsch Gerberei GmbH Felberstra\u00dfe 27 5730 Mittersill \u00d6sterreich&nbsp; Tel.:&nbsp;+43 (0)6562 6288 Fax: +43 (0)6562 6241 14 E-Mail:&nbsp;office@ritsch.at Online-Fellshop: www.fellshop-ritsch.at Unternehmensgegenstand: Rotgerberei, sowie die Ledererzeugung UID: ATU33540200 Firmenbuchnummer: FN 60923 v Firmenbuch-Gericht: Landesgericht Salzburg Firmensitz: 5730 Mittersill Wirtschaftskammer: Wirtschaftskammer Salzburg, [&hellip;]<\/p>\n","protected":false},"author":1,"featured_media":0,"parent":0,"menu_order":0,"comment_status":"closed","ping_status":"closed","template":"","meta":{"_monsterinsights_skip_tracking":false,"_monsterinsights_sitenote_active":false,"_monsterinsights_sitenote_note":"","_monsterinsights_sitenote_category":0,"site-sidebar-layout":"no-sidebar","site-content-layout":"page-builder","ast-site-content-layout":"default","site-content-style":"default","site-sidebar-style":"default","ast-global-header-display":"","ast-banner-title-visibility":"","ast-main-header-display":"","ast-hfb-above-header-display":"","ast-hfb-below-header-display":"","ast-hfb-mobile-header-display":"","site-post-title":"disabled","ast-breadcrumbs-content":"","ast-featured-img":"disabled","footer-sml-layout":"","ast-disable-related-posts":"","theme-transparent-header-meta":"default","adv-header-id-meta":"","stick-header-meta":"default","header-above-stick-meta":"","header-main-stick-meta":"","header-below-stick-meta":"","astra-migrate-meta-layouts":"default","ast-page-background-enabled":"default","ast-page-background-meta":{"desktop":{"background-color":"","background-image":"","background-repeat":"repeat","background-position":"center center","background-size":"auto","background-attachment":"scroll","background-type":"","background-media":"","overlay-type":"","overlay-color":"","overlay-opacity":"","overlay-gradient":""},"tablet":{"background-color":"","background-image":"","background-repeat":"repeat","background-position":"center center","background-size":"auto","background-attachment":"scroll","background-type":"","background-media":"","overlay-type":"","overlay-color":"","overlay-opacity":"","overlay-gradient":""},"mobile":{"background-color":"","background-image":"","background-repeat":"repeat","background-position":"center center","background-size":"auto","background-attachment":"scroll","background-type":"","background-media":"","overlay-type":"","overlay-color":"","overlay-opacity":"","overlay-gradient":""}},"ast-content-background-meta":{"desktop":{"background-color":"var(--ast-global-color-5)","background-image":"","background-repeat":"repeat","background-position":"center center","background-size":"auto","background-attachment":"scroll","background-type":"","background-media":"","overlay-type":"","overlay-color":"","overlay-opacity":"","overlay-gradient":""},"tablet":{"background-color":"var(--ast-global-color-5)","background-image":"","background-repeat":"repeat","background-position":"center center","background-size":"auto","background-attachment":"scroll","background-type":"","background-media":"","overlay-type":"","overlay-color":"","overlay-opacity":"","overlay-gradient":""},"mobile":{"background-color":"var(--ast-global-color-5)","background-image":"","background-repeat":"repeat","background-position":"center center","background-size":"auto","background-attachment":"scroll","background-type":"","background-media":"","overlay-type":"","overlay-color":"","overlay-opacity":"","overlay-gradient":""}},"footnotes":""},"class_list":["post-525","page","type-page","status-publish","hentry"],"yoast_head":"<!-- This site is optimized with the Yoast SEO plugin v27.3 - https:\/\/yoast.com\/product\/yoast-seo-wordpress\/ -->\n<title>Impressum - Gerberei Ritsch Leder und Felle in Mittersill<\/title>\n<meta name=\"description\" content=\"Franz Ritsch Gerberei GmbH, Felberstra\u00dfe 27, 5730 Mittersill, \u00d6sterreich | Tel.: +43 (0)6562 6288 | E-Mail: office@ritsch.at\" \/>\n<meta name=\"robots\" content=\"index, follow, max-snippet:-1, max-image-preview:large, max-video-preview:-1\" \/>\n<link rel=\"canonical\" href=\"https:\/\/www.ritsch.at\/gerberei\/impressum\/\" \/>\n<meta property=\"og:locale\" content=\"de_DE\" \/>\n<meta property=\"og:type\" content=\"article\" \/>\n<meta property=\"og:title\" content=\"Impressum - Gerberei Ritsch Leder und Felle in Mittersill\" \/>\n<meta property=\"og:description\" content=\"Franz Ritsch Gerberei GmbH, Felberstra\u00dfe 27, 5730 Mittersill, \u00d6sterreich | Tel.: +43 (0)6562 6288 | E-Mail: office@ritsch.at\" \/>\n<meta property=\"og:url\" content=\"https:\/\/www.ritsch.at\/gerberei\/impressum\/\" \/>\n<meta property=\"og:site_name\" content=\"Gerberei Ritsch Leder und Felle in Mittersill\" \/>\n<meta property=\"article:publisher\" content=\"https:\/\/www.facebook.com\/LederRitsch\" \/>\n<meta property=\"article:modified_time\" content=\"2021-06-04T13:29:26+00:00\" \/>\n<meta property=\"og:image\" content=\"https:\/\/www.ritsch.at\/gerberei\/wp-content\/uploads\/sites\/3\/2021\/04\/Gerberei-Ritsch-Mittersill5.jpg\" \/>\n\t<meta property=\"og:image:width\" content=\"2500\" \/>\n\t<meta property=\"og:image:height\" content=\"1666\" \/>\n\t<meta property=\"og:image:type\" content=\"image\/jpeg\" \/>\n<meta name=\"twitter:card\" content=\"summary_large_image\" \/>\n<meta name=\"twitter:title\" content=\"Impressum - Gerberei Ritsch Leder und Felle in Mittersill\" \/>\n<meta name=\"twitter:description\" content=\"Franz Ritsch Gerberei GmbH, Felberstra\u00dfe 27, 5730 Mittersill, \u00d6sterreich | Tel.: +43 (0)6562 6288 | E-Mail: office@ritsch.at\" \/>\n<meta name=\"twitter:image\" content=\"https:\/\/www.ritsch.at\/gerberei\/wp-content\/uploads\/sites\/3\/2021\/04\/Gerberei-Ritsch-Mittersill5.jpg\" \/>\n<meta name=\"twitter:label1\" content=\"Gesch\u00e4tzte Lesezeit\" \/>\n\t<meta name=\"twitter:data1\" content=\"3\u00a0Minuten\" \/>\n<script type=\"application\/ld+json\" class=\"yoast-schema-graph\">{\"@context\":\"https:\\\/\\\/schema.org\",\"@graph\":[{\"@type\":\"WebPage\",\"@id\":\"https:\\\/\\\/www.ritsch.at\\\/gerberei\\\/impressum\\\/\",\"url\":\"https:\\\/\\\/www.ritsch.at\\\/gerberei\\\/impressum\\\/\",\"name\":\"Impressum - Gerberei Ritsch Leder und Felle in Mittersill\",\"isPartOf\":{\"@id\":\"https:\\\/\\\/www.ritsch.at\\\/gerberei\\\/#website\"},\"primaryImageOfPage\":{\"@id\":\"https:\\\/\\\/www.ritsch.at\\\/gerberei\\\/impressum\\\/#primaryimage\"},\"image\":{\"@id\":\"https:\\\/\\\/www.ritsch.at\\\/gerberei\\\/impressum\\\/#primaryimage\"},\"thumbnailUrl\":\"https:\\\/\\\/www.ritsch.at\\\/gerberei\\\/wp-content\\\/uploads\\\/sites\\\/3\\\/2021\\\/05\\\/Trenner-braun.png\",\"datePublished\":\"2021-05-07T09:34:50+00:00\",\"dateModified\":\"2021-06-04T13:29:26+00:00\",\"description\":\"Franz Ritsch Gerberei GmbH, Felberstra\u00dfe 27, 5730 Mittersill, \u00d6sterreich | Tel.: +43 (0)6562 6288 | E-Mail: office@ritsch.at\",\"breadcrumb\":{\"@id\":\"https:\\\/\\\/www.ritsch.at\\\/gerberei\\\/impressum\\\/#breadcrumb\"},\"inLanguage\":\"de\",\"potentialAction\":[{\"@type\":\"ReadAction\",\"target\":[\"https:\\\/\\\/www.ritsch.at\\\/gerberei\\\/impressum\\\/\"]}]},{\"@type\":\"ImageObject\",\"inLanguage\":\"de\",\"@id\":\"https:\\\/\\\/www.ritsch.at\\\/gerberei\\\/impressum\\\/#primaryimage\",\"url\":\"https:\\\/\\\/www.ritsch.at\\\/gerberei\\\/wp-content\\\/uploads\\\/sites\\\/3\\\/2021\\\/05\\\/Trenner-braun.png\",\"contentUrl\":\"https:\\\/\\\/www.ritsch.at\\\/gerberei\\\/wp-content\\\/uploads\\\/sites\\\/3\\\/2021\\\/05\\\/Trenner-braun.png\",\"width\":100,\"height\":6},{\"@type\":\"BreadcrumbList\",\"@id\":\"https:\\\/\\\/www.ritsch.at\\\/gerberei\\\/impressum\\\/#breadcrumb\",\"itemListElement\":[{\"@type\":\"ListItem\",\"position\":1,\"name\":\"Startseite\",\"item\":\"https:\\\/\\\/www.ritsch.at\\\/gerberei\\\/\"},{\"@type\":\"ListItem\",\"position\":2,\"name\":\"Impressum\"}]},{\"@type\":\"WebSite\",\"@id\":\"https:\\\/\\\/www.ritsch.at\\\/gerberei\\\/#website\",\"url\":\"https:\\\/\\\/www.ritsch.at\\\/gerberei\\\/\",\"name\":\"Gerberei Ritsch in Mittersill\",\"description\":\"\",\"publisher\":{\"@id\":\"https:\\\/\\\/www.ritsch.at\\\/gerberei\\\/#organization\"},\"potentialAction\":[{\"@type\":\"SearchAction\",\"target\":{\"@type\":\"EntryPoint\",\"urlTemplate\":\"https:\\\/\\\/www.ritsch.at\\\/gerberei\\\/?s={search_term_string}\"},\"query-input\":{\"@type\":\"PropertyValueSpecification\",\"valueRequired\":true,\"valueName\":\"search_term_string\"}}],\"inLanguage\":\"de\"},{\"@type\":\"Organization\",\"@id\":\"https:\\\/\\\/www.ritsch.at\\\/gerberei\\\/#organization\",\"name\":\"Gerberei Ritsch\",\"url\":\"https:\\\/\\\/www.ritsch.at\\\/gerberei\\\/\",\"logo\":{\"@type\":\"ImageObject\",\"inLanguage\":\"de\",\"@id\":\"https:\\\/\\\/www.ritsch.at\\\/gerberei\\\/#\\\/schema\\\/logo\\\/image\\\/\",\"url\":\"https:\\\/\\\/www.ritsch.at\\\/gerberei\\\/wp-content\\\/uploads\\\/sites\\\/3\\\/2021\\\/04\\\/Gerberei-Ritsch-Mittersill-Logo.png\",\"contentUrl\":\"https:\\\/\\\/www.ritsch.at\\\/gerberei\\\/wp-content\\\/uploads\\\/sites\\\/3\\\/2021\\\/04\\\/Gerberei-Ritsch-Mittersill-Logo.png\",\"width\":1770,\"height\":342,\"caption\":\"Gerberei Ritsch\"},\"image\":{\"@id\":\"https:\\\/\\\/www.ritsch.at\\\/gerberei\\\/#\\\/schema\\\/logo\\\/image\\\/\"},\"sameAs\":[\"https:\\\/\\\/www.facebook.com\\\/LederRitsch\",\"https:\\\/\\\/www.instagram.com\\\/gerberei_ritsch\\\/\"]}]}<\/script>\n<!-- \/ Yoast SEO plugin. -->","yoast_head_json":{"title":"Impressum - Gerberei Ritsch Leder und Felle in Mittersill","description":"Franz Ritsch Gerberei GmbH, Felberstra\u00dfe 27, 5730 Mittersill, \u00d6sterreich | Tel.: +43 (0)6562 6288 | E-Mail: office@ritsch.at","robots":{"index":"index","follow":"follow","max-snippet":"max-snippet:-1","max-image-preview":"max-image-preview:large","max-video-preview":"max-video-preview:-1"},"canonical":"https:\/\/www.ritsch.at\/gerberei\/impressum\/","og_locale":"de_DE","og_type":"article","og_title":"Impressum - Gerberei Ritsch Leder und Felle in Mittersill","og_description":"Franz Ritsch Gerberei GmbH, Felberstra\u00dfe 27, 5730 Mittersill, \u00d6sterreich | Tel.: +43 (0)6562 6288 | E-Mail: office@ritsch.at","og_url":"https:\/\/www.ritsch.at\/gerberei\/impressum\/","og_site_name":"Gerberei Ritsch Leder und Felle in Mittersill","article_publisher":"https:\/\/www.facebook.com\/LederRitsch","article_modified_time":"2021-06-04T13:29:26+00:00","og_image":[{"width":2500,"height":1666,"url":"https:\/\/www.ritsch.at\/gerberei\/wp-content\/uploads\/sites\/3\/2021\/04\/Gerberei-Ritsch-Mittersill5.jpg","type":"image\/jpeg"}],"twitter_card":"summary_large_image","twitter_title":"Impressum - Gerberei Ritsch Leder und Felle in Mittersill","twitter_description":"Franz Ritsch Gerberei GmbH, Felberstra\u00dfe 27, 5730 Mittersill, \u00d6sterreich | Tel.: +43 (0)6562 6288 | E-Mail: office@ritsch.at","twitter_image":"https:\/\/www.ritsch.at\/gerberei\/wp-content\/uploads\/sites\/3\/2021\/04\/Gerberei-Ritsch-Mittersill5.jpg","twitter_misc":{"Gesch\u00e4tzte Lesezeit":"3\u00a0Minuten"},"schema":{"@context":"https:\/\/schema.org","@graph":[{"@type":"WebPage","@id":"https:\/\/www.ritsch.at\/gerberei\/impressum\/","url":"https:\/\/www.ritsch.at\/gerberei\/impressum\/","name":"Impressum - Gerberei Ritsch Leder und Felle in Mittersill","isPartOf":{"@id":"https:\/\/www.ritsch.at\/gerberei\/#website"},"primaryImageOfPage":{"@id":"https:\/\/www.ritsch.at\/gerberei\/impressum\/#primaryimage"},"image":{"@id":"https:\/\/www.ritsch.at\/gerberei\/impressum\/#primaryimage"},"thumbnailUrl":"https:\/\/www.ritsch.at\/gerberei\/wp-content\/uploads\/sites\/3\/2021\/05\/Trenner-braun.png","datePublished":"2021-05-07T09:34:50+00:00","dateModified":"2021-06-04T13:29:26+00:00","description":"Franz Ritsch Gerberei GmbH, Felberstra\u00dfe 27, 5730 Mittersill, \u00d6sterreich | Tel.: +43 (0)6562 6288 | E-Mail: office@ritsch.at","breadcrumb":{"@id":"https:\/\/www.ritsch.at\/gerberei\/impressum\/#breadcrumb"},"inLanguage":"de","potentialAction":[{"@type":"ReadAction","target":["https:\/\/www.ritsch.at\/gerberei\/impressum\/"]}]},{"@type":"ImageObject","inLanguage":"de","@id":"https:\/\/www.ritsch.at\/gerberei\/impressum\/#primaryimage","url":"https:\/\/www.ritsch.at\/gerberei\/wp-content\/uploads\/sites\/3\/2021\/05\/Trenner-braun.png","contentUrl":"https:\/\/www.ritsch.at\/gerberei\/wp-content\/uploads\/sites\/3\/2021\/05\/Trenner-braun.png","width":100,"height":6},{"@type":"BreadcrumbList","@id":"https:\/\/www.ritsch.at\/gerberei\/impressum\/#breadcrumb","itemListElement":[{"@type":"ListItem","position":1,"name":"Startseite","item":"https:\/\/www.ritsch.at\/gerberei\/"},{"@type":"ListItem","position":2,"name":"Impressum"}]},{"@type":"WebSite","@id":"https:\/\/www.ritsch.at\/gerberei\/#website","url":"https:\/\/www.ritsch.at\/gerberei\/","name":"Gerberei Ritsch in Mittersill","description":"","publisher":{"@id":"https:\/\/www.ritsch.at\/gerberei\/#organization"},"potentialAction":[{"@type":"SearchAction","target":{"@type":"EntryPoint","urlTemplate":"https:\/\/www.ritsch.at\/gerberei\/?s={search_term_string}"},"query-input":{"@type":"PropertyValueSpecification","valueRequired":true,"valueName":"search_term_string"}}],"inLanguage":"de"},{"@type":"Organization","@id":"https:\/\/www.ritsch.at\/gerberei\/#organization","name":"Gerberei Ritsch","url":"https:\/\/www.ritsch.at\/gerberei\/","logo":{"@type":"ImageObject","inLanguage":"de","@id":"https:\/\/www.ritsch.at\/gerberei\/#\/schema\/logo\/image\/","url":"https:\/\/www.ritsch.at\/gerberei\/wp-content\/uploads\/sites\/3\/2021\/04\/Gerberei-Ritsch-Mittersill-Logo.png","contentUrl":"https:\/\/www.ritsch.at\/gerberei\/wp-content\/uploads\/sites\/3\/2021\/04\/Gerberei-Ritsch-Mittersill-Logo.png","width":1770,"height":342,"caption":"Gerberei Ritsch"},"image":{"@id":"https:\/\/www.ritsch.at\/gerberei\/#\/schema\/logo\/image\/"},"sameAs":["https:\/\/www.facebook.com\/LederRitsch","https:\/\/www.instagram.com\/gerberei_ritsch\/"]}]}},"_links":{"self":[{"href":"https:\/\/www.ritsch.at\/gerberei\/wp-json\/wp\/v2\/pages\/525","targetHints":{"allow":["GET"]}}],"collection":[{"href":"https:\/\/www.ritsch.at\/gerberei\/wp-json\/wp\/v2\/pages"}],"about":[{"href":"https:\/\/www.ritsch.at\/gerberei\/wp-json\/wp\/v2\/types\/page"}],"author":[{"embeddable":true,"href":"https:\/\/www.ritsch.at\/gerberei\/wp-json\/wp\/v2\/users\/1"}],"replies":[{"embeddable":true,"href":"https:\/\/www.ritsch.at\/gerberei\/wp-json\/wp\/v2\/comments?post=525"}],"version-history":[{"count":26,"href":"https:\/\/www.ritsch.at\/gerberei\/wp-json\/wp\/v2\/pages\/525\/revisions"}],"predecessor-version":[{"id":1227,"href":"https:\/\/www.ritsch.at\/gerberei\/wp-json\/wp\/v2\/pages\/525\/revisions\/1227"}],"wp:attachment":[{"href":"https:\/\/www.ritsch.at\/gerberei\/wp-json\/wp\/v2\/media?parent=525"}],"curies":[{"name":"wp","href":"https:\/\/api.w.org\/{rel}","templated":true}]}}