{"id":455,"date":"2021-04-27T17:06:36","date_gmt":"2021-04-27T15:06:36","guid":{"rendered":"https:\/\/leder.www.ritsch.at\/?page_id=455"},"modified":"2021-06-07T09:58:38","modified_gmt":"2021-06-07T07:58:38","slug":"impressum","status":"publish","type":"page","link":"https:\/\/www.ritsch.at\/geschaeft\/impressum\/","title":{"rendered":"Impressum"},"content":{"rendered":"\t\t<div data-elementor-type=\"wp-page\" data-elementor-id=\"455\" class=\"elementor elementor-455\" data-elementor-post-type=\"page\">\n\t\t\t\t\t\t<section class=\"elementor-section elementor-top-section elementor-element elementor-element-857e3d7 elementor-section-boxed elementor-section-height-default elementor-section-height-default\" data-id=\"857e3d7\" data-element_type=\"section\" data-e-type=\"section\">\n\t\t\t\t\t\t<div class=\"elementor-container elementor-column-gap-default\">\n\t\t\t\t\t<div class=\"elementor-column elementor-col-100 elementor-top-column elementor-element elementor-element-f99779e\" data-id=\"f99779e\" data-element_type=\"column\" data-e-type=\"column\">\n\t\t\t<div class=\"elementor-widget-wrap elementor-element-populated\">\n\t\t\t\t\t\t<div class=\"elementor-element elementor-element-76b596b elementor-widget elementor-widget-heading\" data-id=\"76b596b\" data-element_type=\"widget\" data-e-type=\"widget\" data-widget_type=\"heading.default\">\n\t\t\t\t<div class=\"elementor-widget-container\">\n\t\t\t\t\t<h2 class=\"elementor-heading-title elementor-size-default\">Informationspflicht lt. \u00a75 E-Commerce Gesetz, \u00a714 Unternehmensgesetzbuch bzw. \u00a763 Gewerbeordnung und Offenlegungspflicht lt. \u00a725 Mediengesetz<\/h2>\t\t\t\t<\/div>\n\t\t\t\t<\/div>\n\t\t\t\t<div class=\"elementor-element elementor-element-9a18be3 elementor-widget elementor-widget-image\" data-id=\"9a18be3\" data-element_type=\"widget\" data-e-type=\"widget\" data-widget_type=\"image.default\">\n\t\t\t\t<div class=\"elementor-widget-container\">\n\t\t\t\t\t\t\t\t\t\t\t\t\t\t\t<img decoding=\"async\" width=\"100\" height=\"6\" src=\"https:\/\/www.ritsch.at\/geschaeft\/wp-content\/uploads\/sites\/2\/2021\/04\/Trenner2.png\" class=\"attachment-full size-full wp-image-206\" alt=\"\" \/>\t\t\t\t\t\t\t\t\t\t\t\t\t\t\t<\/div>\n\t\t\t\t<\/div>\n\t\t\t\t<div class=\"elementor-element elementor-element-56bf88a elementor-widget elementor-widget-text-editor\" data-id=\"56bf88a\" data-element_type=\"widget\" data-e-type=\"widget\" data-widget_type=\"text-editor.default\">\n\t\t\t\t<div class=\"elementor-widget-container\">\n\t\t\t\t\t\t\t\t\t<p><strong>Franz Ritsch KG<\/strong><br>Hintergasse 12<br>5730 Mittersill<br>\u00d6sterreich<\/p>\n<p>Tel.:&nbsp;<a href=\"tel:004365626241\">+43 (0)6562 6241<\/a><br>E-Mail:&nbsp;<a href=\"mailto:leder@ritsch.at\">leder@ritsch.at<\/a><\/p>\n<p><strong>Unternehmensgegenstand<\/strong>: Einzelhandel mit Lederwaren und Lederbekleidung<br><strong>UID<\/strong>: ATU33528901<br><strong>Firmenbuchnummer<\/strong>: FN 27188 h<br><strong>Firmenbuch-Gericht<\/strong>: Landesgericht Salzburg<br><strong>Firmensitz<\/strong>: 5730 Mittersill<\/p>\n<p><strong>Wirtschaftskammer<\/strong>: Wirtschaftskammer Salzburg, LI Mode und Bekleidungstechnik, LG Handel mit Mode und Freizeitartikel<br><strong>Anwendbare Rechtsvorschriften<\/strong>: Gewerbeordnung: Rechtsinformationssystem des Bundes&nbsp;<a href=\"https:\/\/www.ris.bka.gv.at\/\" target=\"_blank\" rel=\"noopener noreferrer\">https:\/\/www.ris.bka.gv.at\/<\/a><br><strong>Aufsichtsbeh\u00f6rde<\/strong>: Bezirkshauptmannschaft Zell am See<br><strong>Gerichtsstand<\/strong>: Zell am See<\/p>\n<p><a href=\"https:\/\/www.wkoecg.at\/Web\/Ecg.aspx?FirmaID=b1b113ad-fa65-4480-87f4-8742b22b94e7\" target=\"_blank\" rel=\"noopener noreferrer\"><img decoding=\"async\" class=\"error\" src=\"https:\/\/www.wkoecg.at\/Web\/Library\/img\/ecg.gif\" alt=\"Informationen zu E-Commerce und Mediengesetz\" data-lazy-src=\"https:\/\/www.wkoecg.at\/Web\/Library\/img\/ecg.gif\" data-ll-status=\"error\"><\/a><\/p>\n<p><strong>Konzeption &amp; Umsetzung<\/strong><\/p>\n<p><strong>alpWeb e.U.<\/strong><br>Michael Riedmann, MSc<br>Klausgasse 8a\/2<br>5730 Mittersill<br>Tel.:&nbsp;<a href=\"tel:00436506741799\">+43 (0)650 674 17 99<\/a><br>E-Mail:&nbsp;<a href=\"mailto:info@alpweb.at\">info@alpweb.at<\/a><br>Web: <a href=\"https:\/\/www.alpweb.at\" target=\"_blank\" rel=\"noopener\">www.alpweb.at<\/a><\/p>\n<p><strong>Urheberrecht<\/strong><\/p>\n<p>Der Inhalt dieser Website ist urheberrechtlich gesch\u00fctzt. Die Bereitstellung von Inhalten und Bildmaterial dieser Website auf anderen Websites ist nur mit ausdr\u00fccklicher Genehmigung des Herausgebers gestattet. Die auf dieser Website enthaltenen Angaben werden nach bestem Wissen erstellt und mit gro\u00dfer Sorgfalt auf ihre Richtigkeit \u00fcberpr\u00fcft. Trotzdem sind inhaltliche und sachliche Fehler nicht vollst\u00e4ndig auszuschlie\u00dfen. Unser Unternehmen \u00fcbernimmt keinerlei Garantie und Haftung f\u00fcr die Richtigkeit, Aktualit\u00e4t und Vollst\u00e4ndigkeit der bereitgestellten Informationen. Alle Angaben sind ohne Gew\u00e4hr.<\/p>\n<p><strong>Haftungsausschluss<\/strong><\/p>\n<p>Der Autor bzw. Betreiber dieser Webseiten ist bestrebt, die darin angebotenen Informationen nach bestem Wissen und Gewissen aktuell, vollst\u00e4ndig und richtig darzustellen und aktuell zu halten. Dennoch wird jegliche Haftung f\u00fcr Sch\u00e4den und sonstige wie immer geartete Nachteile ausgeschlossen, die sich aus der Nutzung (oder Nichtnutzung) der angebotenen Informationen ergeben k\u00f6nnen \u2013 dies auch und insbesondere dann, wenn diese Sch\u00e4den\/Nachteile auf die Nutzung von allenfalls nicht aktuellen, unvollst\u00e4ndigen bzw. fehlerhaften Informationen zur\u00fcckzuf\u00fchren sind. Dies gilt dann nicht, wenn seitens des Autors bzw. Betreibers ein vors\u00e4tzliches oder grob fahrl\u00e4ssiges Verhalten vorliegt.<\/p>\n<p>Verweise auf fremde Webseiten (Links, Hyperlinks) liegen au\u00dferhalb des Verantwortungsbereiches des Autors und Betreibers. F\u00fcr Inhalte externer Internetseiten wird demgem\u00e4\u00df keine wie immer geartete Verantwortung bzw. Haftung \u00fcbernommen; insbesondere wird jede Haftung f\u00fcr deren Aussagen, Gestaltung und Inhalte ausgeschlossen, zumal kein Einfluss auf Inhalte und Gestaltung von gelinkten Seiten besteht. F\u00fcr Inhalte von Seiten, auf welche von Seiten dieser Webseiten verwiesen wird, haftet somit allein der Anbieter dieser fremden Webseiten \u2013 niemals jedoch derjenige, der durch einen Link auf fremde Publikationen und Inhalte verweist. Sollten gelinkte Seiten (insbesondere durch Ver\u00e4nderung der Inhalte nach dem Setzen des Links) illegale, fehlerhafte, unvollst\u00e4ndige, beleidigende oder sittenwidrige Informationen beinhalten und gelangen derartige Inhalte von gelinkten Seiten zur Kenntnis, so wird der Link auf derartige Seiten unverz\u00fcglich unterbunden.<\/p>\n<p>Zudem wird keine wie immer geartete Haftung und Verantwortung f\u00fcr fremde Websiten \u00fcbernommen, von denen durch Hyperlinks auf unsere Website verwiesen wird. Eine laufende Kontrolle von Seiten, zu denen man durch Hyperlinks gelangen kann oder von denen durch Hyperlinks auf unsere Website verwiesen wird, erfolgt nicht. Wir machen uns den Inhalt von Seiten, zu denen man von unserer Website durch Hyperlinks gelangen kann oder von denen durch Hyperlinks auf unsere Website verwiesen wird, auch nicht zu eigen.<\/p>\n<p><strong>Quellenangaben Bilder<\/strong><\/p>\n<p>Eigene Texte, Bilder und Grafiken dieser Seite d\u00fcrfen nur nach ausdr\u00fccklicher Genehmigung der Eigent\u00fcmer verwendet werden.<\/p>\n<p><strong>Datenschutz<\/strong><\/p>\n<p>Unsere Datenschutzerkl\u00e4rung finden Sie hier:&nbsp;<a href=\"https:\/\/www.ritsch.at\/geschaeft\/datenschutz\" target=\"_blank\" rel=\"noopener noreferrer\">https:\/\/www.ritsch.at\/geschaeft\/datenschutz<\/a><\/p>\t\t\t\t\t\t\t\t<\/div>\n\t\t\t\t<\/div>\n\t\t\t\t\t<\/div>\n\t\t<\/div>\n\t\t\t\t\t<\/div>\n\t\t<\/section>\n\t\t\t\t<\/div>\n\t\t","protected":false},"excerpt":{"rendered":"<p>Informationspflicht lt. \u00a75 E-Commerce Gesetz, \u00a714 Unternehmensgesetzbuch bzw. \u00a763 Gewerbeordnung und Offenlegungspflicht lt. \u00a725 Mediengesetz Franz Ritsch KGHintergasse 125730 Mittersill\u00d6sterreich Tel.:&nbsp;+43 (0)6562 6241E-Mail:&nbsp;leder@ritsch.at Unternehmensgegenstand: Einzelhandel mit Lederwaren und LederbekleidungUID: ATU33528901Firmenbuchnummer: FN 27188 hFirmenbuch-Gericht: Landesgericht SalzburgFirmensitz: 5730 Mittersill Wirtschaftskammer: Wirtschaftskammer Salzburg, LI Mode und Bekleidungstechnik, LG Handel mit Mode und FreizeitartikelAnwendbare Rechtsvorschriften: Gewerbeordnung: Rechtsinformationssystem des Bundes&nbsp;https:\/\/www.ris.bka.gv.at\/Aufsichtsbeh\u00f6rde: [&hellip;]<\/p>\n","protected":false},"author":1,"featured_media":0,"parent":0,"menu_order":0,"comment_status":"closed","ping_status":"closed","template":"","meta":{"_monsterinsights_skip_tracking":false,"_monsterinsights_sitenote_active":false,"_monsterinsights_sitenote_note":"","_monsterinsights_sitenote_category":0,"site-sidebar-layout":"no-sidebar","site-content-layout":"page-builder","ast-site-content-layout":"default","site-content-style":"default","site-sidebar-style":"default","ast-global-header-display":"","ast-banner-title-visibility":"","ast-main-header-display":"","ast-hfb-above-header-display":"","ast-hfb-below-header-display":"","ast-hfb-mobile-header-display":"","site-post-title":"disabled","ast-breadcrumbs-content":"","ast-featured-img":"disabled","footer-sml-layout":"","ast-disable-related-posts":"","theme-transparent-header-meta":"default","adv-header-id-meta":"","stick-header-meta":"default","header-above-stick-meta":"","header-main-stick-meta":"","header-below-stick-meta":"","astra-migrate-meta-layouts":"default","ast-page-background-enabled":"default","ast-page-background-meta":{"desktop":{"background-color":"","background-image":"","background-repeat":"repeat","background-position":"center center","background-size":"auto","background-attachment":"scroll","background-type":"","background-media":"","overlay-type":"","overlay-color":"","overlay-opacity":"","overlay-gradient":""},"tablet":{"background-color":"","background-image":"","background-repeat":"repeat","background-position":"center center","background-size":"auto","background-attachment":"scroll","background-type":"","background-media":"","overlay-type":"","overlay-color":"","overlay-opacity":"","overlay-gradient":""},"mobile":{"background-color":"","background-image":"","background-repeat":"repeat","background-position":"center center","background-size":"auto","background-attachment":"scroll","background-type":"","background-media":"","overlay-type":"","overlay-color":"","overlay-opacity":"","overlay-gradient":""}},"ast-content-background-meta":{"desktop":{"background-color":"var(--ast-global-color-5)","background-image":"","background-repeat":"repeat","background-position":"center center","background-size":"auto","background-attachment":"scroll","background-type":"","background-media":"","overlay-type":"","overlay-color":"","overlay-opacity":"","overlay-gradient":""},"tablet":{"background-color":"var(--ast-global-color-5)","background-image":"","background-repeat":"repeat","background-position":"center center","background-size":"auto","background-attachment":"scroll","background-type":"","background-media":"","overlay-type":"","overlay-color":"","overlay-opacity":"","overlay-gradient":""},"mobile":{"background-color":"var(--ast-global-color-5)","background-image":"","background-repeat":"repeat","background-position":"center center","background-size":"auto","background-attachment":"scroll","background-type":"","background-media":"","overlay-type":"","overlay-color":"","overlay-opacity":"","overlay-gradient":""}},"footnotes":""},"class_list":["post-455","page","type-page","status-publish","hentry"],"yoast_head":"<!-- This site is optimized with the Yoast SEO plugin v27.3 - https:\/\/yoast.com\/product\/yoast-seo-wordpress\/ -->\n<title>Impressum - Leder Ritsch Tracht &amp; Mode in Mittersill und Kaprun<\/title>\n<meta name=\"description\" content=\"Franz Ritsch KG, Hintergasse 12, 5730 Mittersill, \u00d6sterreich | Tel.: +43 (0)6562 6241 | E-Mail: leder@ritsch.at\" \/>\n<meta name=\"robots\" content=\"index, follow, max-snippet:-1, max-image-preview:large, max-video-preview:-1\" \/>\n<link rel=\"canonical\" href=\"https:\/\/www.ritsch.at\/geschaeft\/impressum\/\" \/>\n<meta property=\"og:locale\" content=\"de_DE\" \/>\n<meta property=\"og:type\" content=\"article\" \/>\n<meta property=\"og:title\" content=\"Impressum - Leder Ritsch Tracht &amp; Mode in Mittersill und Kaprun\" \/>\n<meta property=\"og:description\" content=\"Franz Ritsch KG, Hintergasse 12, 5730 Mittersill, \u00d6sterreich | Tel.: +43 (0)6562 6241 | E-Mail: leder@ritsch.at\" \/>\n<meta property=\"og:url\" content=\"https:\/\/www.ritsch.at\/geschaeft\/impressum\/\" \/>\n<meta property=\"og:site_name\" content=\"Leder Ritsch Tracht &amp; Mode in Mittersill und Kaprun\" \/>\n<meta property=\"article:publisher\" content=\"https:\/\/www.facebook.com\/LederRitsch\" \/>\n<meta property=\"article:modified_time\" content=\"2021-06-07T07:58:38+00:00\" \/>\n<meta property=\"og:image\" content=\"https:\/\/www.ritsch.at\/geschaeft\/wp-content\/uploads\/sites\/2\/2021\/04\/leder-ritsch-mittersill-geschaeft2.jpg\" \/>\n\t<meta property=\"og:image:width\" content=\"1200\" \/>\n\t<meta property=\"og:image:height\" content=\"689\" \/>\n\t<meta property=\"og:image:type\" content=\"image\/jpeg\" \/>\n<meta name=\"twitter:card\" content=\"summary_large_image\" \/>\n<meta name=\"twitter:title\" content=\"Impressum - Leder Ritsch Tracht &amp; Mode in Mittersill und Kaprun\" \/>\n<meta name=\"twitter:description\" content=\"Franz Ritsch KG, Hintergasse 12, 5730 Mittersill, \u00d6sterreich | Tel.: +43 (0)6562 6241 | E-Mail: leder@ritsch.at\" \/>\n<meta name=\"twitter:image\" content=\"https:\/\/www.ritsch.at\/geschaeft\/wp-content\/uploads\/sites\/2\/2021\/04\/leder-ritsch-mittersill-geschaeft2.jpg\" \/>\n<meta name=\"twitter:label1\" content=\"Gesch\u00e4tzte Lesezeit\" \/>\n\t<meta name=\"twitter:data1\" content=\"3\u00a0Minuten\" \/>\n<script type=\"application\/ld+json\" class=\"yoast-schema-graph\">{\"@context\":\"https:\\\/\\\/schema.org\",\"@graph\":[{\"@type\":\"WebPage\",\"@id\":\"https:\\\/\\\/www.ritsch.at\\\/geschaeft\\\/impressum\\\/\",\"url\":\"https:\\\/\\\/www.ritsch.at\\\/geschaeft\\\/impressum\\\/\",\"name\":\"Impressum - Leder Ritsch Tracht &amp; Mode in Mittersill und Kaprun\",\"isPartOf\":{\"@id\":\"https:\\\/\\\/www.ritsch.at\\\/geschaeft\\\/#website\"},\"primaryImageOfPage\":{\"@id\":\"https:\\\/\\\/www.ritsch.at\\\/geschaeft\\\/impressum\\\/#primaryimage\"},\"image\":{\"@id\":\"https:\\\/\\\/www.ritsch.at\\\/geschaeft\\\/impressum\\\/#primaryimage\"},\"thumbnailUrl\":\"https:\\\/\\\/www.ritsch.at\\\/geschaeft\\\/wp-content\\\/uploads\\\/sites\\\/2\\\/2021\\\/04\\\/Trenner2.png\",\"datePublished\":\"2021-04-27T15:06:36+00:00\",\"dateModified\":\"2021-06-07T07:58:38+00:00\",\"description\":\"Franz Ritsch KG, Hintergasse 12, 5730 Mittersill, \u00d6sterreich | Tel.: +43 (0)6562 6241 | E-Mail: leder@ritsch.at\",\"breadcrumb\":{\"@id\":\"https:\\\/\\\/www.ritsch.at\\\/geschaeft\\\/impressum\\\/#breadcrumb\"},\"inLanguage\":\"de\",\"potentialAction\":[{\"@type\":\"ReadAction\",\"target\":[\"https:\\\/\\\/www.ritsch.at\\\/geschaeft\\\/impressum\\\/\"]}]},{\"@type\":\"ImageObject\",\"inLanguage\":\"de\",\"@id\":\"https:\\\/\\\/www.ritsch.at\\\/geschaeft\\\/impressum\\\/#primaryimage\",\"url\":\"https:\\\/\\\/www.ritsch.at\\\/geschaeft\\\/wp-content\\\/uploads\\\/sites\\\/2\\\/2021\\\/04\\\/Trenner2.png\",\"contentUrl\":\"https:\\\/\\\/www.ritsch.at\\\/geschaeft\\\/wp-content\\\/uploads\\\/sites\\\/2\\\/2021\\\/04\\\/Trenner2.png\",\"width\":100,\"height\":6},{\"@type\":\"BreadcrumbList\",\"@id\":\"https:\\\/\\\/www.ritsch.at\\\/geschaeft\\\/impressum\\\/#breadcrumb\",\"itemListElement\":[{\"@type\":\"ListItem\",\"position\":1,\"name\":\"Startseite\",\"item\":\"https:\\\/\\\/www.ritsch.at\\\/geschaeft\\\/\"},{\"@type\":\"ListItem\",\"position\":2,\"name\":\"Impressum\"}]},{\"@type\":\"WebSite\",\"@id\":\"https:\\\/\\\/www.ritsch.at\\\/geschaeft\\\/#website\",\"url\":\"https:\\\/\\\/www.ritsch.at\\\/geschaeft\\\/\",\"name\":\"Leder Ritsch in Mittersill & Kaprun\",\"description\":\"\",\"publisher\":{\"@id\":\"https:\\\/\\\/www.ritsch.at\\\/geschaeft\\\/#organization\"},\"potentialAction\":[{\"@type\":\"SearchAction\",\"target\":{\"@type\":\"EntryPoint\",\"urlTemplate\":\"https:\\\/\\\/www.ritsch.at\\\/geschaeft\\\/?s={search_term_string}\"},\"query-input\":{\"@type\":\"PropertyValueSpecification\",\"valueRequired\":true,\"valueName\":\"search_term_string\"}}],\"inLanguage\":\"de\"},{\"@type\":\"Organization\",\"@id\":\"https:\\\/\\\/www.ritsch.at\\\/geschaeft\\\/#organization\",\"name\":\"Leder Ritsch\",\"url\":\"https:\\\/\\\/www.ritsch.at\\\/geschaeft\\\/\",\"logo\":{\"@type\":\"ImageObject\",\"inLanguage\":\"de\",\"@id\":\"https:\\\/\\\/www.ritsch.at\\\/geschaeft\\\/#\\\/schema\\\/logo\\\/image\\\/\",\"url\":\"https:\\\/\\\/www.ritsch.at\\\/leder\\\/wp-content\\\/uploads\\\/sites\\\/2\\\/2021\\\/01\\\/Logo-Geschaeft.png\",\"contentUrl\":\"https:\\\/\\\/www.ritsch.at\\\/leder\\\/wp-content\\\/uploads\\\/sites\\\/2\\\/2021\\\/01\\\/Logo-Geschaeft.png\",\"width\":353,\"height\":83,\"caption\":\"Leder Ritsch\"},\"image\":{\"@id\":\"https:\\\/\\\/www.ritsch.at\\\/geschaeft\\\/#\\\/schema\\\/logo\\\/image\\\/\"},\"sameAs\":[\"https:\\\/\\\/www.facebook.com\\\/LederRitsch\",\"https:\\\/\\\/www.instagram.com\\\/leder.ritsch\\\/\"]}]}<\/script>\n<!-- \/ Yoast SEO plugin. -->","yoast_head_json":{"title":"Impressum - Leder Ritsch Tracht &amp; Mode in Mittersill und Kaprun","description":"Franz Ritsch KG, Hintergasse 12, 5730 Mittersill, \u00d6sterreich | Tel.: +43 (0)6562 6241 | E-Mail: leder@ritsch.at","robots":{"index":"index","follow":"follow","max-snippet":"max-snippet:-1","max-image-preview":"max-image-preview:large","max-video-preview":"max-video-preview:-1"},"canonical":"https:\/\/www.ritsch.at\/geschaeft\/impressum\/","og_locale":"de_DE","og_type":"article","og_title":"Impressum - Leder Ritsch Tracht & Mode in Mittersill und Kaprun","og_description":"Franz Ritsch KG, Hintergasse 12, 5730 Mittersill, \u00d6sterreich | Tel.: +43 (0)6562 6241 | E-Mail: leder@ritsch.at","og_url":"https:\/\/www.ritsch.at\/geschaeft\/impressum\/","og_site_name":"Leder Ritsch Tracht &amp; Mode in Mittersill und Kaprun","article_publisher":"https:\/\/www.facebook.com\/LederRitsch","article_modified_time":"2021-06-07T07:58:38+00:00","og_image":[{"width":1200,"height":689,"url":"https:\/\/www.ritsch.at\/geschaeft\/wp-content\/uploads\/sites\/2\/2021\/04\/leder-ritsch-mittersill-geschaeft2.jpg","type":"image\/jpeg"}],"twitter_card":"summary_large_image","twitter_title":"Impressum - Leder Ritsch Tracht & Mode in Mittersill und Kaprun","twitter_description":"Franz Ritsch KG, Hintergasse 12, 5730 Mittersill, \u00d6sterreich | Tel.: +43 (0)6562 6241 | E-Mail: leder@ritsch.at","twitter_image":"https:\/\/www.ritsch.at\/geschaeft\/wp-content\/uploads\/sites\/2\/2021\/04\/leder-ritsch-mittersill-geschaeft2.jpg","twitter_misc":{"Gesch\u00e4tzte Lesezeit":"3\u00a0Minuten"},"schema":{"@context":"https:\/\/schema.org","@graph":[{"@type":"WebPage","@id":"https:\/\/www.ritsch.at\/geschaeft\/impressum\/","url":"https:\/\/www.ritsch.at\/geschaeft\/impressum\/","name":"Impressum - Leder Ritsch Tracht &amp; Mode in Mittersill und Kaprun","isPartOf":{"@id":"https:\/\/www.ritsch.at\/geschaeft\/#website"},"primaryImageOfPage":{"@id":"https:\/\/www.ritsch.at\/geschaeft\/impressum\/#primaryimage"},"image":{"@id":"https:\/\/www.ritsch.at\/geschaeft\/impressum\/#primaryimage"},"thumbnailUrl":"https:\/\/www.ritsch.at\/geschaeft\/wp-content\/uploads\/sites\/2\/2021\/04\/Trenner2.png","datePublished":"2021-04-27T15:06:36+00:00","dateModified":"2021-06-07T07:58:38+00:00","description":"Franz Ritsch KG, Hintergasse 12, 5730 Mittersill, \u00d6sterreich | Tel.: +43 (0)6562 6241 | E-Mail: leder@ritsch.at","breadcrumb":{"@id":"https:\/\/www.ritsch.at\/geschaeft\/impressum\/#breadcrumb"},"inLanguage":"de","potentialAction":[{"@type":"ReadAction","target":["https:\/\/www.ritsch.at\/geschaeft\/impressum\/"]}]},{"@type":"ImageObject","inLanguage":"de","@id":"https:\/\/www.ritsch.at\/geschaeft\/impressum\/#primaryimage","url":"https:\/\/www.ritsch.at\/geschaeft\/wp-content\/uploads\/sites\/2\/2021\/04\/Trenner2.png","contentUrl":"https:\/\/www.ritsch.at\/geschaeft\/wp-content\/uploads\/sites\/2\/2021\/04\/Trenner2.png","width":100,"height":6},{"@type":"BreadcrumbList","@id":"https:\/\/www.ritsch.at\/geschaeft\/impressum\/#breadcrumb","itemListElement":[{"@type":"ListItem","position":1,"name":"Startseite","item":"https:\/\/www.ritsch.at\/geschaeft\/"},{"@type":"ListItem","position":2,"name":"Impressum"}]},{"@type":"WebSite","@id":"https:\/\/www.ritsch.at\/geschaeft\/#website","url":"https:\/\/www.ritsch.at\/geschaeft\/","name":"Leder Ritsch in Mittersill & Kaprun","description":"","publisher":{"@id":"https:\/\/www.ritsch.at\/geschaeft\/#organization"},"potentialAction":[{"@type":"SearchAction","target":{"@type":"EntryPoint","urlTemplate":"https:\/\/www.ritsch.at\/geschaeft\/?s={search_term_string}"},"query-input":{"@type":"PropertyValueSpecification","valueRequired":true,"valueName":"search_term_string"}}],"inLanguage":"de"},{"@type":"Organization","@id":"https:\/\/www.ritsch.at\/geschaeft\/#organization","name":"Leder Ritsch","url":"https:\/\/www.ritsch.at\/geschaeft\/","logo":{"@type":"ImageObject","inLanguage":"de","@id":"https:\/\/www.ritsch.at\/geschaeft\/#\/schema\/logo\/image\/","url":"https:\/\/www.ritsch.at\/leder\/wp-content\/uploads\/sites\/2\/2021\/01\/Logo-Geschaeft.png","contentUrl":"https:\/\/www.ritsch.at\/leder\/wp-content\/uploads\/sites\/2\/2021\/01\/Logo-Geschaeft.png","width":353,"height":83,"caption":"Leder Ritsch"},"image":{"@id":"https:\/\/www.ritsch.at\/geschaeft\/#\/schema\/logo\/image\/"},"sameAs":["https:\/\/www.facebook.com\/LederRitsch","https:\/\/www.instagram.com\/leder.ritsch\/"]}]}},"_links":{"self":[{"href":"https:\/\/www.ritsch.at\/geschaeft\/wp-json\/wp\/v2\/pages\/455","targetHints":{"allow":["GET"]}}],"collection":[{"href":"https:\/\/www.ritsch.at\/geschaeft\/wp-json\/wp\/v2\/pages"}],"about":[{"href":"https:\/\/www.ritsch.at\/geschaeft\/wp-json\/wp\/v2\/types\/page"}],"author":[{"embeddable":true,"href":"https:\/\/www.ritsch.at\/geschaeft\/wp-json\/wp\/v2\/users\/1"}],"replies":[{"embeddable":true,"href":"https:\/\/www.ritsch.at\/geschaeft\/wp-json\/wp\/v2\/comments?post=455"}],"version-history":[{"count":32,"href":"https:\/\/www.ritsch.at\/geschaeft\/wp-json\/wp\/v2\/pages\/455\/revisions"}],"predecessor-version":[{"id":945,"href":"https:\/\/www.ritsch.at\/geschaeft\/wp-json\/wp\/v2\/pages\/455\/revisions\/945"}],"wp:attachment":[{"href":"https:\/\/www.ritsch.at\/geschaeft\/wp-json\/wp\/v2\/media?parent=455"}],"curies":[{"name":"wp","href":"https:\/\/api.w.org\/{rel}","templated":true}]}}