{"id":924,"date":"2021-06-04T16:26:00","date_gmt":"2021-06-04T14:26:00","guid":{"rendered":"https:\/\/www.ritsch.at\/geschaeft\/?page_id=924"},"modified":"2021-06-04T16:29:12","modified_gmt":"2021-06-04T14:29:12","slug":"cookie-richtlinie","status":"publish","type":"page","link":"https:\/\/www.ritsch.at\/geschaeft\/cookie-richtlinie\/","title":{"rendered":"Cookie Richtlinie"},"content":{"rendered":"\t\t<div data-elementor-type=\"wp-page\" data-elementor-id=\"924\" class=\"elementor elementor-924\" data-elementor-post-type=\"page\">\n\t\t\t\t\t\t<section class=\"elementor-section elementor-top-section elementor-element elementor-element-857e3d7 elementor-section-boxed elementor-section-height-default elementor-section-height-default\" data-id=\"857e3d7\" data-element_type=\"section\" data-e-type=\"section\">\n\t\t\t\t\t\t<div class=\"elementor-container elementor-column-gap-default\">\n\t\t\t\t\t<div class=\"elementor-column elementor-col-100 elementor-top-column elementor-element elementor-element-f99779e\" data-id=\"f99779e\" data-element_type=\"column\" data-e-type=\"column\">\n\t\t\t<div class=\"elementor-widget-wrap elementor-element-populated\">\n\t\t\t\t\t\t<div class=\"elementor-element elementor-element-76b596b elementor-widget elementor-widget-heading\" data-id=\"76b596b\" data-element_type=\"widget\" data-e-type=\"widget\" data-widget_type=\"heading.default\">\n\t\t\t\t<div class=\"elementor-widget-container\">\n\t\t\t\t\t<h2 class=\"elementor-heading-title elementor-size-default\">Cookie Richtlinie<\/h2>\t\t\t\t<\/div>\n\t\t\t\t<\/div>\n\t\t\t\t<div class=\"elementor-element elementor-element-9a18be3 elementor-widget elementor-widget-image\" data-id=\"9a18be3\" data-element_type=\"widget\" data-e-type=\"widget\" data-widget_type=\"image.default\">\n\t\t\t\t<div class=\"elementor-widget-container\">\n\t\t\t\t\t\t\t\t\t\t\t\t\t\t\t<img decoding=\"async\" width=\"100\" height=\"6\" src=\"https:\/\/www.ritsch.at\/geschaeft\/wp-content\/uploads\/sites\/2\/2021\/04\/Trenner2.png\" class=\"attachment-full size-full wp-image-206\" alt=\"\" \/>\t\t\t\t\t\t\t\t\t\t\t\t\t\t\t<\/div>\n\t\t\t\t<\/div>\n\t\t\t\t<div class=\"elementor-element elementor-element-56bf88a elementor-widget elementor-widget-text-editor\" data-id=\"56bf88a\" data-element_type=\"widget\" data-e-type=\"widget\" data-widget_type=\"text-editor.default\">\n\t\t\t\t<div class=\"elementor-widget-container\">\n\t\t\t\t\t\t\t\t\t<p><strong>\u00dcber diese Cookie-Richtlinie\u00a0<\/strong><\/p><p>Diese Cookie-Richtlinie erkl\u00e4rt, was Cookies sind und wie wir sie verwenden, welche Arten von Cookies wir verwenden, welche Informationen wir mithilfe von Cookies sammeln und wie diese Informationen verwendet werden, und wie Sie die Cookie-Einstellungen steuern k\u00f6nnen. Weitere Informationen dar\u00fcber, wie wir Ihre pers\u00f6nlichen Daten verwenden, speichern und sicher aufbewahren, finden Sie in unserer Datenschutzrichtlinie.<\/p><p>Sie k\u00f6nnen Ihre Einwilligung jederzeit in der Cookie-Erkl\u00e4rung auf unserer Website \u00e4ndern oder widerrufen.<\/p><p>Erfahren Sie mehr dar\u00fcber, wer wir sind, wie Sie uns kontaktieren k\u00f6nnen und wie wir personenbezogene Daten verarbeiten, in unseren <a href=\"https:\/\/www.ritsch.at\/geschaeft\/datenschutz\/\">Datenschutzrichtlinien<\/a>.<\/p><p>Ihre Einwilligung bezieht sich auf folgende Domains: www.ritsch.at<\/p><div class=\"cli_user_consent_state\">Dein aktueller Status: Keine Einwilligung erteilt. <a class=\"cli_manage_current_consent\" style=\"cursor:pointer;text-decoration:underline;\">Verwalte deine Einwilligung<\/a> <\/div><p>\u00a0<\/p><p><strong>Was sind Cookies?\u00a0<\/strong><\/p><p>Cookies sind kleine Textdateien, die dazu dienen, kleine Informationen zu speichern. Sie werden auf Ihrem Ger\u00e4t gespeichert, wenn die Website in Ihrem Browser geladen wird. Diese Cookies helfen uns, die Website ordnungsgem\u00e4\u00df funktionieren zu lassen, sie sicherer zu machen, eine bessere Benutzererfahrung zu bieten und zu verstehen, wie die Website funktioniert und zu analysieren, was funktioniert und wo sie verbessert werden muss.<\/p><p><strong>Wie verwenden wir Cookies?<\/strong><\/p><p>Wie die meisten Online-Dienste verwendet auch unsere Website Erstanbieter- und Drittanbieter-Cookies f\u00fcr verschiedene Zwecke. Cookies von Erstanbietern sind meist notwendig, damit die Website richtig funktioniert, und sie sammeln keine pers\u00f6nlich identifizierbaren Daten von Ihnen.<\/p><p>Die Cookies von Drittanbietern, die auf unserer Website verwendet werden, dienen haupts\u00e4chlich dazu, zu verstehen, wie die Website funktioniert, wie Sie mit unserer Website interagieren, unsere Dienste sicher zu halten, Werbung bereitzustellen, die f\u00fcr Sie relevant ist, und alles in allem Ihnen eine bessere und verbesserte Benutzererfahrung zu bieten und Ihre zuk\u00fcnftigen Interaktionen mit unserer Website zu beschleunigen.<\/p><p><strong>Welche Arten von Cookies verwenden wir?<\/strong><\/p><p><strong>Erforderlich<\/strong>: Einige Cookies sind unerl\u00e4sslich, damit Sie die volle Funktionalit\u00e4t unserer Website nutzen k\u00f6nnen. Sie erm\u00f6glichen es uns, Benutzersitzungen aufrechtzuerhalten und eventuelle Sicherheitsbedrohungen zu verhindern. Sie sammeln oder speichern keine pers\u00f6nlichen Informationen. Diese Cookies erm\u00f6glichen es Ihnen zum Beispiel, sich bei Ihrem Konto anzumelden, Produkte in Ihren Warenkorb zu legen und sicher zur Kasse zu gehen.<\/p><p><strong>Analyse<\/strong>: Diese Cookies speichern Informationen wie die Anzahl der Besucher der Website, die Anzahl der eindeutigen Besucher, welche Seiten der Website besucht wurden, die Quelle des Besuchs, usw. Diese Daten helfen uns zu verstehen und zu analysieren, wie gut die Website funktioniert und wo sie verbessert werden muss.<\/p><p><strong>Werbung<\/strong>: Auf unserer Website wird Werbung angezeigt. Diese Cookies werden verwendet, um die Anzeigen, die wir Ihnen zeigen, so zu personalisieren, dass sie f\u00fcr Sie sinnvoll sind. Diese Cookies helfen uns auch, die Effizienz dieser Werbekampagnen zu verfolgen.<br \/>Die in diesen Cookies gespeicherten Informationen k\u00f6nnen auch von den Drittanbietern von Werbeanzeigen verwendet werden, um Ihnen auch auf anderen Websites des Browsers Werbung anzuzeigen.<\/p><p><strong>Funktionell<\/strong>: Dies sind die Cookies, die bestimmte nicht-essentielle Funktionen auf unserer Website unterst\u00fctzen. Diese Funktionalit\u00e4ten umfassen das Einbetten von Inhalten wie Videos oder das Teilen von Inhalten der Website auf Social-Media-Plattformen.<\/p><p><strong>Pr\u00e4ferenzen<\/strong>: Diese Cookies helfen uns, Ihre Einstellungen und Browsing-Pr\u00e4ferenzen, wie z.B. Sprachpr\u00e4ferenzen, zu speichern, damit Sie bei zuk\u00fcnftigen Besuchen der Website ein besseres und effizienteres Erlebnis haben.<\/p><p>In der folgenden Liste sind die auf unserer Website verwendeten Cookies aufgef\u00fchrt.<\/p><table class=\"cookielawinfo-row-cat-table cookielawinfo-classic\"><thead><tr><th class=\"cookielawinfo-column-1\">Cookie<\/th><th class=\"cookielawinfo-column-4\">Beschreibung<\/th><\/tr><\/thead><tbody><tr class=\"cookielawinfo-row\"><td class=\"cookielawinfo-column-1\">_ga<\/td><td class=\"cookielawinfo-column-4\">Dieses Cookie wird von Google Analytics installiert. Das Cookie wird verwendet, um Besucher-, Sitzungs- und Kampagnendaten zu berechnen und die Nutzung der Website f\u00fcr den Analysebericht der Website zu verfolgen. Die Cookies speichern Informationen anonym und weisen eine zuf\u00e4llig generierte Nummer zu, um eindeutige Besucher zu identifizieren.<\/td><\/tr><tr class=\"cookielawinfo-row\"><td class=\"cookielawinfo-column-1\">_gid<\/td><td class=\"cookielawinfo-column-4\">Dieses Cookie wird von Google Analytics installiert. Das Cookie wird verwendet, um Informationen dar\u00fcber zu speichern, wie Besucher eine Website nutzen und hilft bei der Erstellung eines Analyseberichts dar\u00fcber, wie die Website funktioniert. Die gesammelten Daten umfassen die Anzahl der Besucher, die Quelle, von der sie kommen, und die besuchten Seiten in anonymer Form.<\/td><\/tr><\/tbody><\/table><p><strong>Wie kann ich die Cookie-Einstellungen steuern?<\/strong><\/p><p>Sollten Sie sich entscheiden, Ihre Pr\u00e4ferenzen sp\u00e4ter w\u00e4hrend Ihrer Browsing-Sitzung zu \u00e4ndern, k\u00f6nnen Sie auf den Link &#8222;Cookie-Richtlinie&#8220; klicken. Dadurch wird der Hinweis auf die Einwilligung erneut angezeigt, so dass Sie Ihre Einstellungen \u00e4ndern oder Ihre Einwilligung vollst\u00e4ndig widerrufen k\u00f6nnen.<\/p><p>Dar\u00fcber hinaus bieten verschiedene Browser unterschiedliche Methoden zum Blockieren und L\u00f6schen von Cookies, die von Websites verwendet werden. Sie k\u00f6nnen die Einstellungen Ihres Browsers \u00e4ndern, um die Cookies zu blockieren\/l\u00f6schen. Um mehr dar\u00fcber zu erfahren, wie Sie Cookies verwalten und l\u00f6schen k\u00f6nnen, besuchen Sie <a href=\"https:\/\/en.wikipedia.org\/wiki\/HTTP_cookie\" target=\"_blank\" rel=\"nofollow noopener\">wikipedia.org<\/a>, <a href=\"http:\/\/www.allaboutcookies.org\/\" target=\"_blank\" rel=\"nofollow noopener\">www.allaboutcookies.org.<\/a>\u00a0<\/p>\t\t\t\t\t\t\t\t<\/div>\n\t\t\t\t<\/div>\n\t\t\t\t\t<\/div>\n\t\t<\/div>\n\t\t\t\t\t<\/div>\n\t\t<\/section>\n\t\t\t\t<\/div>\n\t\t","protected":false},"excerpt":{"rendered":"<p>Cookie Richtlinie \u00dcber diese Cookie-Richtlinie\u00a0 Diese Cookie-Richtlinie erkl\u00e4rt, was Cookies sind und wie wir sie verwenden, welche Arten von Cookies wir verwenden, welche Informationen wir mithilfe von Cookies sammeln und wie diese Informationen verwendet werden, und wie Sie die Cookie-Einstellungen steuern k\u00f6nnen. Weitere Informationen dar\u00fcber, wie wir Ihre pers\u00f6nlichen Daten verwenden, speichern und sicher aufbewahren, [&hellip;]<\/p>\n","protected":false},"author":1,"featured_media":0,"parent":0,"menu_order":0,"comment_status":"closed","ping_status":"closed","template":"","meta":{"_monsterinsights_skip_tracking":false,"_monsterinsights_sitenote_active":false,"_monsterinsights_sitenote_note":"","_monsterinsights_sitenote_category":0,"site-sidebar-layout":"no-sidebar","site-content-layout":"page-builder","ast-site-content-layout":"default","site-content-style":"default","site-sidebar-style":"default","ast-global-header-display":"","ast-banner-title-visibility":"","ast-main-header-display":"","ast-hfb-above-header-display":"","ast-hfb-below-header-display":"","ast-hfb-mobile-header-display":"","site-post-title":"disabled","ast-breadcrumbs-content":"","ast-featured-img":"disabled","footer-sml-layout":"","ast-disable-related-posts":"","theme-transparent-header-meta":"default","adv-header-id-meta":"","stick-header-meta":"default","header-above-stick-meta":"","header-main-stick-meta":"","header-below-stick-meta":"","astra-migrate-meta-layouts":"default","ast-page-background-enabled":"default","ast-page-background-meta":{"desktop":{"background-color":"","background-image":"","background-repeat":"repeat","background-position":"center center","background-size":"auto","background-attachment":"scroll","background-type":"","background-media":"","overlay-type":"","overlay-color":"","overlay-opacity":"","overlay-gradient":""},"tablet":{"background-color":"","background-image":"","background-repeat":"repeat","background-position":"center center","background-size":"auto","background-attachment":"scroll","background-type":"","background-media":"","overlay-type":"","overlay-color":"","overlay-opacity":"","overlay-gradient":""},"mobile":{"background-color":"","background-image":"","background-repeat":"repeat","background-position":"center center","background-size":"auto","background-attachment":"scroll","background-type":"","background-media":"","overlay-type":"","overlay-color":"","overlay-opacity":"","overlay-gradient":""}},"ast-content-background-meta":{"desktop":{"background-color":"var(--ast-global-color-5)","background-image":"","background-repeat":"repeat","background-position":"center center","background-size":"auto","background-attachment":"scroll","background-type":"","background-media":"","overlay-type":"","overlay-color":"","overlay-opacity":"","overlay-gradient":""},"tablet":{"background-color":"var(--ast-global-color-5)","background-image":"","background-repeat":"repeat","background-position":"center center","background-size":"auto","background-attachment":"scroll","background-type":"","background-media":"","overlay-type":"","overlay-color":"","overlay-opacity":"","overlay-gradient":""},"mobile":{"background-color":"var(--ast-global-color-5)","background-image":"","background-repeat":"repeat","background-position":"center center","background-size":"auto","background-attachment":"scroll","background-type":"","background-media":"","overlay-type":"","overlay-color":"","overlay-opacity":"","overlay-gradient":""}},"footnotes":""},"class_list":["post-924","page","type-page","status-publish","hentry"],"yoast_head":"<!-- This site is optimized with the Yoast SEO plugin v27.3 - https:\/\/yoast.com\/product\/yoast-seo-wordpress\/ -->\n<title>Cookie Richtlinie - Leder Ritsch Tracht &amp; Mode in Mittersill und Kaprun<\/title>\n<meta name=\"description\" content=\"Der Schutz Ihrer Daten ist uns ein gro\u00dfes Anliegen. Wir verarbeiten Ihre Daten ausschlie\u00dflich auf Grundlage der gesetzlichen Bestimmungen.\" \/>\n<meta name=\"robots\" content=\"index, follow, max-snippet:-1, max-image-preview:large, max-video-preview:-1\" \/>\n<link rel=\"canonical\" href=\"https:\/\/www.ritsch.at\/geschaeft\/cookie-richtlinie\/\" \/>\n<meta property=\"og:locale\" content=\"de_DE\" \/>\n<meta property=\"og:type\" content=\"article\" \/>\n<meta property=\"og:title\" content=\"Datenschutz - Leder Ritsch Tracht &amp; Mode in Mittersill und Kaprun\" \/>\n<meta property=\"og:description\" content=\"Der Schutz Ihrer Daten ist uns ein gro\u00dfes Anliegen. Wir verarbeiten Ihre Daten ausschlie\u00dflich auf Grundlage der gesetzlichen Bestimmungen.\" \/>\n<meta property=\"og:url\" content=\"https:\/\/www.ritsch.at\/geschaeft\/cookie-richtlinie\/\" \/>\n<meta property=\"og:site_name\" content=\"Leder Ritsch Tracht &amp; Mode in Mittersill und Kaprun\" \/>\n<meta property=\"article:publisher\" content=\"https:\/\/www.facebook.com\/LederRitsch\" \/>\n<meta property=\"article:modified_time\" content=\"2021-06-04T14:29:12+00:00\" \/>\n<meta property=\"og:image\" content=\"https:\/\/www.ritsch.at\/geschaeft\/wp-content\/uploads\/sites\/2\/2021\/04\/leder-ritsch-mittersill-geschaeft2.jpg\" \/>\n\t<meta property=\"og:image:width\" content=\"1200\" \/>\n\t<meta property=\"og:image:height\" content=\"689\" \/>\n\t<meta property=\"og:image:type\" content=\"image\/jpeg\" \/>\n<meta name=\"twitter:card\" content=\"summary_large_image\" \/>\n<meta name=\"twitter:title\" content=\"Datenschutz - Leder Ritsch Tracht &amp; Mode in Mittersill und Kaprun\" \/>\n<meta name=\"twitter:description\" content=\"Der Schutz Ihrer Daten ist uns ein gro\u00dfes Anliegen. Wir verarbeiten Ihre Daten ausschlie\u00dflich auf Grundlage der gesetzlichen Bestimmungen.\" \/>\n<meta name=\"twitter:image\" content=\"https:\/\/www.ritsch.at\/geschaeft\/wp-content\/uploads\/sites\/2\/2021\/04\/leder-ritsch-mittersill-geschaeft2.jpg\" \/>\n<meta name=\"twitter:label1\" content=\"Gesch\u00e4tzte Lesezeit\" \/>\n\t<meta name=\"twitter:data1\" content=\"3\u00a0Minuten\" \/>\n<script type=\"application\/ld+json\" class=\"yoast-schema-graph\">{\"@context\":\"https:\\\/\\\/schema.org\",\"@graph\":[{\"@type\":\"WebPage\",\"@id\":\"https:\\\/\\\/www.ritsch.at\\\/geschaeft\\\/cookie-richtlinie\\\/\",\"url\":\"https:\\\/\\\/www.ritsch.at\\\/geschaeft\\\/cookie-richtlinie\\\/\",\"name\":\"Cookie Richtlinie - Leder Ritsch Tracht &amp; Mode in Mittersill und Kaprun\",\"isPartOf\":{\"@id\":\"https:\\\/\\\/www.ritsch.at\\\/geschaeft\\\/#website\"},\"primaryImageOfPage\":{\"@id\":\"https:\\\/\\\/www.ritsch.at\\\/geschaeft\\\/cookie-richtlinie\\\/#primaryimage\"},\"image\":{\"@id\":\"https:\\\/\\\/www.ritsch.at\\\/geschaeft\\\/cookie-richtlinie\\\/#primaryimage\"},\"thumbnailUrl\":\"https:\\\/\\\/www.ritsch.at\\\/geschaeft\\\/wp-content\\\/uploads\\\/sites\\\/2\\\/2021\\\/04\\\/Trenner2.png\",\"datePublished\":\"2021-06-04T14:26:00+00:00\",\"dateModified\":\"2021-06-04T14:29:12+00:00\",\"description\":\"Der Schutz Ihrer Daten ist uns ein gro\u00dfes Anliegen. Wir verarbeiten Ihre Daten ausschlie\u00dflich auf Grundlage der gesetzlichen Bestimmungen.\",\"breadcrumb\":{\"@id\":\"https:\\\/\\\/www.ritsch.at\\\/geschaeft\\\/cookie-richtlinie\\\/#breadcrumb\"},\"inLanguage\":\"de\",\"potentialAction\":[{\"@type\":\"ReadAction\",\"target\":[\"https:\\\/\\\/www.ritsch.at\\\/geschaeft\\\/cookie-richtlinie\\\/\"]}]},{\"@type\":\"ImageObject\",\"inLanguage\":\"de\",\"@id\":\"https:\\\/\\\/www.ritsch.at\\\/geschaeft\\\/cookie-richtlinie\\\/#primaryimage\",\"url\":\"https:\\\/\\\/www.ritsch.at\\\/geschaeft\\\/wp-content\\\/uploads\\\/sites\\\/2\\\/2021\\\/04\\\/Trenner2.png\",\"contentUrl\":\"https:\\\/\\\/www.ritsch.at\\\/geschaeft\\\/wp-content\\\/uploads\\\/sites\\\/2\\\/2021\\\/04\\\/Trenner2.png\",\"width\":100,\"height\":6},{\"@type\":\"BreadcrumbList\",\"@id\":\"https:\\\/\\\/www.ritsch.at\\\/geschaeft\\\/cookie-richtlinie\\\/#breadcrumb\",\"itemListElement\":[{\"@type\":\"ListItem\",\"position\":1,\"name\":\"Startseite\",\"item\":\"https:\\\/\\\/www.ritsch.at\\\/geschaeft\\\/\"},{\"@type\":\"ListItem\",\"position\":2,\"name\":\"Cookie Richtlinie\"}]},{\"@type\":\"WebSite\",\"@id\":\"https:\\\/\\\/www.ritsch.at\\\/geschaeft\\\/#website\",\"url\":\"https:\\\/\\\/www.ritsch.at\\\/geschaeft\\\/\",\"name\":\"Leder Ritsch in Mittersill & Kaprun\",\"description\":\"\",\"publisher\":{\"@id\":\"https:\\\/\\\/www.ritsch.at\\\/geschaeft\\\/#organization\"},\"potentialAction\":[{\"@type\":\"SearchAction\",\"target\":{\"@type\":\"EntryPoint\",\"urlTemplate\":\"https:\\\/\\\/www.ritsch.at\\\/geschaeft\\\/?s={search_term_string}\"},\"query-input\":{\"@type\":\"PropertyValueSpecification\",\"valueRequired\":true,\"valueName\":\"search_term_string\"}}],\"inLanguage\":\"de\"},{\"@type\":\"Organization\",\"@id\":\"https:\\\/\\\/www.ritsch.at\\\/geschaeft\\\/#organization\",\"name\":\"Leder Ritsch\",\"url\":\"https:\\\/\\\/www.ritsch.at\\\/geschaeft\\\/\",\"logo\":{\"@type\":\"ImageObject\",\"inLanguage\":\"de\",\"@id\":\"https:\\\/\\\/www.ritsch.at\\\/geschaeft\\\/#\\\/schema\\\/logo\\\/image\\\/\",\"url\":\"https:\\\/\\\/www.ritsch.at\\\/leder\\\/wp-content\\\/uploads\\\/sites\\\/2\\\/2021\\\/01\\\/Logo-Geschaeft.png\",\"contentUrl\":\"https:\\\/\\\/www.ritsch.at\\\/leder\\\/wp-content\\\/uploads\\\/sites\\\/2\\\/2021\\\/01\\\/Logo-Geschaeft.png\",\"width\":353,\"height\":83,\"caption\":\"Leder Ritsch\"},\"image\":{\"@id\":\"https:\\\/\\\/www.ritsch.at\\\/geschaeft\\\/#\\\/schema\\\/logo\\\/image\\\/\"},\"sameAs\":[\"https:\\\/\\\/www.facebook.com\\\/LederRitsch\",\"https:\\\/\\\/www.instagram.com\\\/leder.ritsch\\\/\"]}]}<\/script>\n<!-- \/ Yoast SEO plugin. -->","yoast_head_json":{"title":"Cookie Richtlinie - Leder Ritsch Tracht &amp; Mode in Mittersill und Kaprun","description":"Der Schutz Ihrer Daten ist uns ein gro\u00dfes Anliegen. Wir verarbeiten Ihre Daten ausschlie\u00dflich auf Grundlage der gesetzlichen Bestimmungen.","robots":{"index":"index","follow":"follow","max-snippet":"max-snippet:-1","max-image-preview":"max-image-preview:large","max-video-preview":"max-video-preview:-1"},"canonical":"https:\/\/www.ritsch.at\/geschaeft\/cookie-richtlinie\/","og_locale":"de_DE","og_type":"article","og_title":"Datenschutz - Leder Ritsch Tracht & Mode in Mittersill und Kaprun","og_description":"Der Schutz Ihrer Daten ist uns ein gro\u00dfes Anliegen. Wir verarbeiten Ihre Daten ausschlie\u00dflich auf Grundlage der gesetzlichen Bestimmungen.","og_url":"https:\/\/www.ritsch.at\/geschaeft\/cookie-richtlinie\/","og_site_name":"Leder Ritsch Tracht &amp; Mode in Mittersill und Kaprun","article_publisher":"https:\/\/www.facebook.com\/LederRitsch","article_modified_time":"2021-06-04T14:29:12+00:00","og_image":[{"width":1200,"height":689,"url":"https:\/\/www.ritsch.at\/geschaeft\/wp-content\/uploads\/sites\/2\/2021\/04\/leder-ritsch-mittersill-geschaeft2.jpg","type":"image\/jpeg"}],"twitter_card":"summary_large_image","twitter_title":"Datenschutz - Leder Ritsch Tracht & Mode in Mittersill und Kaprun","twitter_description":"Der Schutz Ihrer Daten ist uns ein gro\u00dfes Anliegen. Wir verarbeiten Ihre Daten ausschlie\u00dflich auf Grundlage der gesetzlichen Bestimmungen.","twitter_image":"https:\/\/www.ritsch.at\/geschaeft\/wp-content\/uploads\/sites\/2\/2021\/04\/leder-ritsch-mittersill-geschaeft2.jpg","twitter_misc":{"Gesch\u00e4tzte Lesezeit":"3\u00a0Minuten"},"schema":{"@context":"https:\/\/schema.org","@graph":[{"@type":"WebPage","@id":"https:\/\/www.ritsch.at\/geschaeft\/cookie-richtlinie\/","url":"https:\/\/www.ritsch.at\/geschaeft\/cookie-richtlinie\/","name":"Cookie Richtlinie - Leder Ritsch Tracht &amp; Mode in Mittersill und Kaprun","isPartOf":{"@id":"https:\/\/www.ritsch.at\/geschaeft\/#website"},"primaryImageOfPage":{"@id":"https:\/\/www.ritsch.at\/geschaeft\/cookie-richtlinie\/#primaryimage"},"image":{"@id":"https:\/\/www.ritsch.at\/geschaeft\/cookie-richtlinie\/#primaryimage"},"thumbnailUrl":"https:\/\/www.ritsch.at\/geschaeft\/wp-content\/uploads\/sites\/2\/2021\/04\/Trenner2.png","datePublished":"2021-06-04T14:26:00+00:00","dateModified":"2021-06-04T14:29:12+00:00","description":"Der Schutz Ihrer Daten ist uns ein gro\u00dfes Anliegen. Wir verarbeiten Ihre Daten ausschlie\u00dflich auf Grundlage der gesetzlichen Bestimmungen.","breadcrumb":{"@id":"https:\/\/www.ritsch.at\/geschaeft\/cookie-richtlinie\/#breadcrumb"},"inLanguage":"de","potentialAction":[{"@type":"ReadAction","target":["https:\/\/www.ritsch.at\/geschaeft\/cookie-richtlinie\/"]}]},{"@type":"ImageObject","inLanguage":"de","@id":"https:\/\/www.ritsch.at\/geschaeft\/cookie-richtlinie\/#primaryimage","url":"https:\/\/www.ritsch.at\/geschaeft\/wp-content\/uploads\/sites\/2\/2021\/04\/Trenner2.png","contentUrl":"https:\/\/www.ritsch.at\/geschaeft\/wp-content\/uploads\/sites\/2\/2021\/04\/Trenner2.png","width":100,"height":6},{"@type":"BreadcrumbList","@id":"https:\/\/www.ritsch.at\/geschaeft\/cookie-richtlinie\/#breadcrumb","itemListElement":[{"@type":"ListItem","position":1,"name":"Startseite","item":"https:\/\/www.ritsch.at\/geschaeft\/"},{"@type":"ListItem","position":2,"name":"Cookie Richtlinie"}]},{"@type":"WebSite","@id":"https:\/\/www.ritsch.at\/geschaeft\/#website","url":"https:\/\/www.ritsch.at\/geschaeft\/","name":"Leder Ritsch in Mittersill & Kaprun","description":"","publisher":{"@id":"https:\/\/www.ritsch.at\/geschaeft\/#organization"},"potentialAction":[{"@type":"SearchAction","target":{"@type":"EntryPoint","urlTemplate":"https:\/\/www.ritsch.at\/geschaeft\/?s={search_term_string}"},"query-input":{"@type":"PropertyValueSpecification","valueRequired":true,"valueName":"search_term_string"}}],"inLanguage":"de"},{"@type":"Organization","@id":"https:\/\/www.ritsch.at\/geschaeft\/#organization","name":"Leder Ritsch","url":"https:\/\/www.ritsch.at\/geschaeft\/","logo":{"@type":"ImageObject","inLanguage":"de","@id":"https:\/\/www.ritsch.at\/geschaeft\/#\/schema\/logo\/image\/","url":"https:\/\/www.ritsch.at\/leder\/wp-content\/uploads\/sites\/2\/2021\/01\/Logo-Geschaeft.png","contentUrl":"https:\/\/www.ritsch.at\/leder\/wp-content\/uploads\/sites\/2\/2021\/01\/Logo-Geschaeft.png","width":353,"height":83,"caption":"Leder Ritsch"},"image":{"@id":"https:\/\/www.ritsch.at\/geschaeft\/#\/schema\/logo\/image\/"},"sameAs":["https:\/\/www.facebook.com\/LederRitsch","https:\/\/www.instagram.com\/leder.ritsch\/"]}]}},"_links":{"self":[{"href":"https:\/\/www.ritsch.at\/geschaeft\/wp-json\/wp\/v2\/pages\/924","targetHints":{"allow":["GET"]}}],"collection":[{"href":"https:\/\/www.ritsch.at\/geschaeft\/wp-json\/wp\/v2\/pages"}],"about":[{"href":"https:\/\/www.ritsch.at\/geschaeft\/wp-json\/wp\/v2\/types\/page"}],"author":[{"embeddable":true,"href":"https:\/\/www.ritsch.at\/geschaeft\/wp-json\/wp\/v2\/users\/1"}],"replies":[{"embeddable":true,"href":"https:\/\/www.ritsch.at\/geschaeft\/wp-json\/wp\/v2\/comments?post=924"}],"version-history":[{"count":7,"href":"https:\/\/www.ritsch.at\/geschaeft\/wp-json\/wp\/v2\/pages\/924\/revisions"}],"predecessor-version":[{"id":931,"href":"https:\/\/www.ritsch.at\/geschaeft\/wp-json\/wp\/v2\/pages\/924\/revisions\/931"}],"wp:attachment":[{"href":"https:\/\/www.ritsch.at\/geschaeft\/wp-json\/wp\/v2\/media?parent=924"}],"curies":[{"name":"wp","href":"https:\/\/api.w.org\/{rel}","templated":true}]}}